{"id":1064,"date":"2022-08-04T12:17:38","date_gmt":"2022-08-04T10:17:38","guid":{"rendered":"https:\/\/www.math-datascience.nat.fau.de\/?page_id=1064"},"modified":"2026-04-21T12:14:49","modified_gmt":"2026-04-21T10:14:49","slug":"informationen-fuer-lehrkraefte","status":"publish","type":"page","link":"https:\/\/www.math-datascience.nat.fau.de\/en\/vor-dem-studium\/informationen-fuer-lehrkraefte\/","title":{"rendered":"Information for Teachers"},"content":{"rendered":"\n<h2 class=\"wp-block-heading\">Beratungsangebot f\u00fcr Schulen und Studieninteressierte<\/h2>\n\n\n\n<p>Oft ergeben sich vor Studienbeginn folgende Fragen:<\/p>\n\n\n\n<ul class=\"wp-block-list\">\n<li>Bin ich f\u00fcr das Mathematik- oder Data Science-Studium geeignet?<\/li>\n\n\n\n<li>Welche Studienangebote gibt es in der Erlanger Lehreinheit f\u00fcr Mathematik und Data Science?<\/li>\n\n\n\n<li>Welche Fragen werden in Abschlussarbeiten behandelt?<\/li>\n\n\n\n<li>Welche Berufschancen habe ich mit einem Abschluss in Mathematik oder Data Science?<\/li>\n<\/ul>\n\n\n\n<p>Um diese und \u00e4hnliche Fragen von Sch\u00fclerinnen und Sch\u00fclern zu beantworten, bieten wir (das ist augenblicklich Frau Professor&nbsp;<a href=\"https:\/\/www.math.fau.de\/lie-gruppen\/personen\/catherine-meusburger\/\">C. Meusburger<\/a>) Schulen der Umgebung einen Besuch an. Gedacht ist an eine 45- bzw. 90-min\u00fctige Unterrichtseinheit. Im zweiten Fall bleibt neben Informationsvermittlung und Beantwortung von Fragen Zeit f\u00fcr einen Vortrag, der einen Einblick in aktuelle Forschung erm\u00f6glicht.<\/p>\n\n\n\n<p><strong>Kontakt:<\/strong>&nbsp;<a href=\"https:\/\/www.math.fau.de\/department\/person\/univisid\/49995718\/\">Frau I. Moch<\/a><\/p>\n\n\n\n<h2 class=\"wp-block-heading\">W- und P-Seminare<\/h2>\n\n\n\n<p>Am Department Mathematik ist Herr <a href=\"https:\/\/www.math.fau.de\/algebra-und-geometrie\/friedrich-knop\/\">Prof. Dr. Friedrich Knop<\/a>&nbsp;Ansprechpartner der Lehrkr\u00e4fte f\u00fcr W- und P-Seminare.<\/p>\n","protected":false},"excerpt":{"rendered":"<p>Beratungsangebot f\u00fcr Schulen und Studieninteressierte Oft ergeben sich vor Studienbeginn folgende Fragen: Um diese und \u00e4hnliche Fragen von Sch\u00fclerinnen und Sch\u00fclern zu beantworten, bieten wir (das ist augenblicklich Frau Professor&nbsp;C. Meusburger) Schulen der Umgebung einen Besuch an. Gedacht ist an eine 45- bzw. 90-min\u00fctige Unterrichtseinheit. Im zweiten Fall bleibt neben Informationsvermittlung und Beantwortung von Fragen [&hellip;]<\/p>\n","protected":false},"author":3487,"featured_media":0,"parent":1077,"menu_order":20,"comment_status":"closed","ping_status":"closed","template":"page-templates\/page-subnav.php","meta":{"_rrze_cache":"enabled","_access_permission":"","_rrze_multilang_single_locale":"en_US","_rrze_multilang_single_source":"https:\/\/www.math-datascience.nat.fau.de\/?page_id=64","footnotes":""},"page_category":[13],"page_tag":[],"class_list":["post-1064","page","type-page","status-publish","hentry","page_category-general","en-US"],"_links":{"self":[{"href":"https:\/\/www.math-datascience.nat.fau.de\/wp-json\/wp\/v2\/pages\/1064","targetHints":{"allow":["GET"]}}],"collection":[{"href":"https:\/\/www.math-datascience.nat.fau.de\/wp-json\/wp\/v2\/pages"}],"about":[{"href":"https:\/\/www.math-datascience.nat.fau.de\/wp-json\/wp\/v2\/types\/page"}],"author":[{"embeddable":true,"href":"https:\/\/www.math-datascience.nat.fau.de\/wp-json\/wp\/v2\/users\/3487"}],"replies":[{"embeddable":true,"href":"https:\/\/www.math-datascience.nat.fau.de\/wp-json\/wp\/v2\/comments?post=1064"}],"version-history":[{"count":7,"href":"https:\/\/www.math-datascience.nat.fau.de\/wp-json\/wp\/v2\/pages\/1064\/revisions"}],"predecessor-version":[{"id":4268,"href":"https:\/\/www.math-datascience.nat.fau.de\/wp-json\/wp\/v2\/pages\/1064\/revisions\/4268"}],"up":[{"embeddable":true,"href":"https:\/\/www.math-datascience.nat.fau.de\/wp-json\/wp\/v2\/pages\/1077"}],"wp:attachment":[{"href":"https:\/\/www.math-datascience.nat.fau.de\/wp-json\/wp\/v2\/media?parent=1064"}],"wp:term":[{"taxonomy":"page_category","embeddable":true,"href":"https:\/\/www.math-datascience.nat.fau.de\/wp-json\/wp\/v2\/page_category?post=1064"},{"taxonomy":"page_tag","embeddable":true,"href":"https:\/\/www.math-datascience.nat.fau.de\/wp-json\/wp\/v2\/page_tag?post=1064"}],"curies":[{"name":"wp","href":"https:\/\/api.w.org\/{rel}","templated":true}]}}