{"id":1077,"date":"2022-08-11T09:35:01","date_gmt":"2022-08-11T07:35:01","guid":{"rendered":"https:\/\/www.math-datascience.nat.fau.de\/?page_id=1077"},"modified":"2026-04-21T12:12:16","modified_gmt":"2026-04-21T10:12:16","slug":"vor-dem-studium","status":"publish","type":"page","link":"https:\/\/www.math-datascience.nat.fau.de\/en\/vor-dem-studium\/","title":{"rendered":"Before Studies"},"content":{"rendered":"\n<h2 class=\"wp-block-heading\">Herzlich willkommen<\/h2>\n\n\n\n<p>auf den Seiten der Lehreinheit&nbsp; Mathematik und Data Science f\u00fcr Sch\u00fclerinnen und Sch\u00fcler, Studieninteressierte sowie Lehrkr\u00e4fte.<\/p>\n\n\n\n<p>Auf den Unterseiten zu diesem Men\u00fcpunkt finden Sie unter anderem<\/p>\n\n\n\n<ul class=\"wp-block-list\">\n<li>Informationen und Informationsmaterial zum Studienangebot der Lehreinheit,<\/li>\n\n\n\n<li>einen Mathematik-Selbsteinsch\u00e4tzungstext f\u00fcr Studieninteressierte,<\/li>\n\n\n\n<li>Hinweise zum Beratungsangebot der beiden Departments f\u00fcr Matheamtik und Data Science f\u00fcr Lehrerinnen, Lehrer und Schulen<\/li>\n\n\n\n<li>sowie Informationen zu Sch\u00fclerpraktika an den beiden Departments.<\/li>\n<\/ul>\n","protected":false},"excerpt":{"rendered":"<p>Herzlich willkommen auf den Seiten der Lehreinheit&nbsp; Mathematik und Data Science f\u00fcr Sch\u00fclerinnen und Sch\u00fcler, Studieninteressierte sowie Lehrkr\u00e4fte. Auf den Unterseiten zu diesem Men\u00fcpunkt finden Sie unter anderem<\/p>\n","protected":false},"author":3487,"featured_media":0,"parent":0,"menu_order":20,"comment_status":"closed","ping_status":"closed","template":"page-templates\/page-subnav.php","meta":{"_rrze_cache":"enabled","_access_permission":"","_rrze_multilang_single_locale":"en_US","_rrze_multilang_single_source":"https:\/\/www.math-datascience.nat.fau.de\/?page_id=42","footnotes":""},"page_category":[13],"page_tag":[],"class_list":["post-1077","page","type-page","status-publish","hentry","page_category-general","en-US"],"_links":{"self":[{"href":"https:\/\/www.math-datascience.nat.fau.de\/wp-json\/wp\/v2\/pages\/1077","targetHints":{"allow":["GET"]}}],"collection":[{"href":"https:\/\/www.math-datascience.nat.fau.de\/wp-json\/wp\/v2\/pages"}],"about":[{"href":"https:\/\/www.math-datascience.nat.fau.de\/wp-json\/wp\/v2\/types\/page"}],"author":[{"embeddable":true,"href":"https:\/\/www.math-datascience.nat.fau.de\/wp-json\/wp\/v2\/users\/3487"}],"replies":[{"embeddable":true,"href":"https:\/\/www.math-datascience.nat.fau.de\/wp-json\/wp\/v2\/comments?post=1077"}],"version-history":[{"count":2,"href":"https:\/\/www.math-datascience.nat.fau.de\/wp-json\/wp\/v2\/pages\/1077\/revisions"}],"predecessor-version":[{"id":4264,"href":"https:\/\/www.math-datascience.nat.fau.de\/wp-json\/wp\/v2\/pages\/1077\/revisions\/4264"}],"wp:attachment":[{"href":"https:\/\/www.math-datascience.nat.fau.de\/wp-json\/wp\/v2\/media?parent=1077"}],"wp:term":[{"taxonomy":"page_category","embeddable":true,"href":"https:\/\/www.math-datascience.nat.fau.de\/wp-json\/wp\/v2\/page_category?post=1077"},{"taxonomy":"page_tag","embeddable":true,"href":"https:\/\/www.math-datascience.nat.fau.de\/wp-json\/wp\/v2\/page_tag?post=1077"}],"curies":[{"name":"wp","href":"https:\/\/api.w.org\/{rel}","templated":true}]}}