{"id":1090,"date":"2022-08-11T09:46:16","date_gmt":"2022-08-11T07:46:16","guid":{"rendered":"https:\/\/www.math-datascience.nat.fau.de\/?page_id=1090"},"modified":"2026-04-21T12:13:57","modified_gmt":"2026-04-21T10:13:57","slug":"fruehstudium","status":"publish","type":"page","link":"https:\/\/www.math-datascience.nat.fau.de\/en\/vor-dem-studium\/informationen-fuer-studieninteressierte\/fruehstudium\/","title":{"rendered":"Early study program"},"content":{"rendered":"\n<h2 class=\"wp-block-heading\">Fr\u00fchstudium<\/h2>\n\n\n\n<p>Sie k\u00f6nnen auch bereits als Sch\u00fclerin oder Sch\u00fcler ein Studium der Mathematik als sogenanntes Fr\u00fchstudium beginnen. Allgemeine Informationen zum Fr\u00fchstudium an der FAU finden sie auf den Webseite zum <a href=\"http:\/\/www.fruehstudium.uni-erlangen.de\/\">Fr\u00fchstudium<\/a>. Der Fachansprechpartner f\u00fcr das Fr\u00fchstudium in der Lehreinheit Mathematik und Data Science ist <a href=\"https:\/\/www.math.fau.de\/mathematische-physik\/andreas-knauf\/\">Prof. Dr. Andreas Knauf<\/a>.<\/p>\n\n\n\n<p>Bei organisatorischen Fragen (wie Bewerbungsverfahren, Anerkennung von Pr\u00fcfungsleistungen f\u00fcr ein sp\u00e4teres Studium, Status des Fr\u00fchstudium, &#8230;) wenden Sie sich bitte direkt an unser <a href=\"https:\/\/www.math-datascience.nat.fau.de\/beratung\/ssc-mathematik-data-science\/\">Studierenden-Service-Center<\/a>.<\/p>\n","protected":false},"excerpt":{"rendered":"<p>Fr\u00fchstudium Sie k\u00f6nnen auch bereits als Sch\u00fclerin oder Sch\u00fcler ein Studium der Mathematik als sogenanntes Fr\u00fchstudium beginnen. Allgemeine Informationen zum Fr\u00fchstudium an der FAU finden sie auf den Webseite zum Fr\u00fchstudium. Der Fachansprechpartner f\u00fcr das Fr\u00fchstudium in der Lehreinheit Mathematik und Data Science ist Prof. Dr. Andreas Knauf. Bei organisatorischen Fragen (wie Bewerbungsverfahren, Anerkennung von [&hellip;]<\/p>\n","protected":false},"author":3487,"featured_media":0,"parent":1079,"menu_order":30,"comment_status":"closed","ping_status":"closed","template":"page-templates\/page-subnav.php","meta":{"_rrze_cache":"enabled","_access_permission":"","_rrze_multilang_single_locale":"en_US","_rrze_multilang_single_source":"https:\/\/www.math-datascience.nat.fau.de\/?page_id=649","footnotes":""},"page_category":[13],"page_tag":[],"class_list":["post-1090","page","type-page","status-publish","hentry","page_category-general","en-US"],"_links":{"self":[{"href":"https:\/\/www.math-datascience.nat.fau.de\/wp-json\/wp\/v2\/pages\/1090","targetHints":{"allow":["GET"]}}],"collection":[{"href":"https:\/\/www.math-datascience.nat.fau.de\/wp-json\/wp\/v2\/pages"}],"about":[{"href":"https:\/\/www.math-datascience.nat.fau.de\/wp-json\/wp\/v2\/types\/page"}],"author":[{"embeddable":true,"href":"https:\/\/www.math-datascience.nat.fau.de\/wp-json\/wp\/v2\/users\/3487"}],"replies":[{"embeddable":true,"href":"https:\/\/www.math-datascience.nat.fau.de\/wp-json\/wp\/v2\/comments?post=1090"}],"version-history":[{"count":2,"href":"https:\/\/www.math-datascience.nat.fau.de\/wp-json\/wp\/v2\/pages\/1090\/revisions"}],"predecessor-version":[{"id":4265,"href":"https:\/\/www.math-datascience.nat.fau.de\/wp-json\/wp\/v2\/pages\/1090\/revisions\/4265"}],"up":[{"embeddable":true,"href":"https:\/\/www.math-datascience.nat.fau.de\/wp-json\/wp\/v2\/pages\/1079"}],"wp:attachment":[{"href":"https:\/\/www.math-datascience.nat.fau.de\/wp-json\/wp\/v2\/media?parent=1090"}],"wp:term":[{"taxonomy":"page_category","embeddable":true,"href":"https:\/\/www.math-datascience.nat.fau.de\/wp-json\/wp\/v2\/page_category?post=1090"},{"taxonomy":"page_tag","embeddable":true,"href":"https:\/\/www.math-datascience.nat.fau.de\/wp-json\/wp\/v2\/page_tag?post=1090"}],"curies":[{"name":"wp","href":"https:\/\/api.w.org\/{rel}","templated":true}]}}