{"id":1094,"date":"2022-08-11T09:47:59","date_gmt":"2022-08-11T07:47:59","guid":{"rendered":"https:\/\/www.math-datascience.nat.fau.de\/?page_id=1094"},"modified":"2026-04-21T12:14:18","modified_gmt":"2026-04-21T10:14:18","slug":"broschueren","status":"publish","type":"page","link":"https:\/\/www.math-datascience.nat.fau.de\/en\/vor-dem-studium\/informationen-fuer-studieninteressierte\/broschueren\/","title":{"rendered":"Booklets"},"content":{"rendered":"\n<h2 class=\"wp-block-heading\">Informationsbrosch\u00fcren zu den Studieng\u00e4ngen des Departments Mathematik<\/h2>\n\n\n\n<ul class=\"wp-block-list\">\n<li><a title=\"Lehramt Mathematik - Gymnasium und Realschule\" href=\"https:\/\/www.math-datascience.nat.fau.de\/files\/2023\/01\/FAU-Mathe_Flyer_Lehramtmathematik.pdf\">Lehramt Mathematik &#8211; Gymnasium und Realschule<\/a><\/li>\n\n\n\n<li><a title=\"Studiengang Mathematik (Bachelor und Master)\" href=\"https:\/\/www.math-datascience.nat.fau.de\/files\/2022\/03\/flyer_mathematik.pdf\">Studiengang Mathematik (Bachelor und Master)<\/a><\/li>\n\n\n\n<li><a title=\"Studiengang Technomathematik (Bachelor)\" href=\"https:\/\/www.math-datascience.nat.fau.de\/files\/2023\/01\/FAU-Mathe_Flyer_Technomathematik_RZ_Mai2018_RZ.pdf\">Studiengang Technomathematik (Bachelor)<\/a><\/li>\n\n\n\n<li><a title=\"Studiengang Wirtschaftsmathematik (Bachelor und Master)\" href=\"https:\/\/www.math-datascience.nat.fau.de\/files\/2023\/01\/FAU-Mathe_Flyer_Wirtschaftsmathematik_Sept2020_RZ.pdf\">Studiengang Wirtschaftsmathematik (Bachelor und Master)<\/a><\/li>\n\n\n\n<li><a title=\"International Master's Programme CAM\" href=\"https:\/\/www.math-datascience.nat.fau.de\/files\/2023\/01\/Folder_CAM_engl.pdf\">International Master&#8217;s Programme CAM<\/a><\/li>\n\n\n\n<li><a title=\"Internationaler Studiengang CAM (Master)\" href=\"https:\/\/www.math-datascience.nat.fau.de\/files\/2023\/01\/Folder_CAM-deutsch.pdf\">Internationaler Studiengang CAM (Master)<\/a><\/li>\n<\/ul>\n\n\n\n<h2 class=\"wp-block-heading\">Informationsbrosch\u00fcre der Naturwissenschaftlichen Fakult\u00e4t<\/h2>\n\n\n\n<ul class=\"wp-block-list\">\n<li><a title=\"Studieng\u00e4nge an der Naturwissenschaftlichen Fakult\u00e4t\" href=\"https:\/\/www.studium.math.fau.de\/fileadmin\/studium\/Infocenter\/NATFAKInfoBroschWeb.pdf\">Studieng\u00e4nge an der Naturwissenschaftlichen Fakult\u00e4t<\/a><\/li>\n<\/ul>\n","protected":false},"excerpt":{"rendered":"<p>Informationsbrosch\u00fcren zu den Studieng\u00e4ngen des Departments Mathematik Informationsbrosch\u00fcre der Naturwissenschaftlichen Fakult\u00e4t<\/p>\n","protected":false},"author":3487,"featured_media":0,"parent":1079,"menu_order":60,"comment_status":"closed","ping_status":"closed","template":"page-templates\/page-subnav.php","meta":{"_rrze_cache":"enabled","_access_permission":"","_rrze_multilang_single_locale":"en_US","_rrze_multilang_single_source":"https:\/\/www.math-datascience.nat.fau.de\/?page_id=653","footnotes":""},"page_category":[13],"page_tag":[],"class_list":["post-1094","page","type-page","status-publish","hentry","page_category-general","en-US"],"_links":{"self":[{"href":"https:\/\/www.math-datascience.nat.fau.de\/wp-json\/wp\/v2\/pages\/1094","targetHints":{"allow":["GET"]}}],"collection":[{"href":"https:\/\/www.math-datascience.nat.fau.de\/wp-json\/wp\/v2\/pages"}],"about":[{"href":"https:\/\/www.math-datascience.nat.fau.de\/wp-json\/wp\/v2\/types\/page"}],"author":[{"embeddable":true,"href":"https:\/\/www.math-datascience.nat.fau.de\/wp-json\/wp\/v2\/users\/3487"}],"replies":[{"embeddable":true,"href":"https:\/\/www.math-datascience.nat.fau.de\/wp-json\/wp\/v2\/comments?post=1094"}],"version-history":[{"count":3,"href":"https:\/\/www.math-datascience.nat.fau.de\/wp-json\/wp\/v2\/pages\/1094\/revisions"}],"predecessor-version":[{"id":4267,"href":"https:\/\/www.math-datascience.nat.fau.de\/wp-json\/wp\/v2\/pages\/1094\/revisions\/4267"}],"up":[{"embeddable":true,"href":"https:\/\/www.math-datascience.nat.fau.de\/wp-json\/wp\/v2\/pages\/1079"}],"wp:attachment":[{"href":"https:\/\/www.math-datascience.nat.fau.de\/wp-json\/wp\/v2\/media?parent=1094"}],"wp:term":[{"taxonomy":"page_category","embeddable":true,"href":"https:\/\/www.math-datascience.nat.fau.de\/wp-json\/wp\/v2\/page_category?post=1094"},{"taxonomy":"page_tag","embeddable":true,"href":"https:\/\/www.math-datascience.nat.fau.de\/wp-json\/wp\/v2\/page_tag?post=1094"}],"curies":[{"name":"wp","href":"https:\/\/api.w.org\/{rel}","templated":true}]}}