{"id":4467,"date":"2026-05-04T15:03:39","date_gmt":"2026-05-04T13:03:39","guid":{"rendered":"https:\/\/www.math-datascience.nat.fau.de\/?page_id=4467"},"modified":"2026-05-04T15:03:39","modified_gmt":"2026-05-04T13:03:39","slug":"studon","status":"publish","type":"page","link":"https:\/\/www.math-datascience.nat.fau.de\/en\/im-studium\/infocenter\/studon\/","title":{"rendered":"StudOn"},"content":{"rendered":"\n<p>Die Lehreinheit der Departments Mathematik und Data Science verf\u00fcgt \u00fcber einen <a href=\"https:\/\/www.studon.fau.de\/cat1102.html\">gemeinsamen StudOn-Bereich<\/a>. Hier finden Sie weitere Informationen und Angebote, die Sie bei Ihrem Studium an unserer Lehreinheit unterst\u00fctzen.<\/p>\n\n\n\n<ul class=\"wp-block-list\">\n<li>\n<ul class=\"wp-block-list\">\n<li><em>Serviceangebote:<\/em><br>Schwarzes Brett<br>E-Learning (Angebote der Lehreinheit, Selbsteinsch\u00e4tzungskurs zu den Grundvorlesungen)<\/li>\n\n\n\n<li><em>SSC<\/em><br>allgemeine Informationen zum Studium an der Lehreinheit und der FAU<br>studiengangspezifische Informationen<br>Events zu verschiedenen Themen<\/li>\n\n\n\n<li><em>Sicherheitsunterweisung f\u00fcr das Felix-Klein-Geb\u00e4ude<\/em> (so hei\u00dft unser Geb\u00e4ude in der Cauerstra\u00dfe 11, Erlangen)<\/li>\n<\/ul>\n<\/li>\n<\/ul>\n","protected":false},"excerpt":{"rendered":"<p>Die Lehreinheit der Departments Mathematik und Data Science verf\u00fcgt \u00fcber einen gemeinsamen StudOn-Bereich. Hier finden Sie weitere Informationen und Angebote, die Sie bei Ihrem Studium an unserer Lehreinheit unterst\u00fctzen.<\/p>\n","protected":false},"author":3793,"featured_media":0,"parent":3555,"menu_order":10,"comment_status":"closed","ping_status":"closed","template":"","meta":{"_rrze_cache":"enabled","_access_permission":"","_rrze_multilang_single_locale":"en_US","_rrze_multilang_single_source":"https:\/\/www.math-datascience.nat.fau.de\/?page_id=2904","footnotes":""},"page_category":[13],"page_tag":[],"class_list":["post-4467","page","type-page","status-publish","hentry","page_category-general","en-US"],"_links":{"self":[{"href":"https:\/\/www.math-datascience.nat.fau.de\/wp-json\/wp\/v2\/pages\/4467","targetHints":{"allow":["GET"]}}],"collection":[{"href":"https:\/\/www.math-datascience.nat.fau.de\/wp-json\/wp\/v2\/pages"}],"about":[{"href":"https:\/\/www.math-datascience.nat.fau.de\/wp-json\/wp\/v2\/types\/page"}],"author":[{"embeddable":true,"href":"https:\/\/www.math-datascience.nat.fau.de\/wp-json\/wp\/v2\/users\/3793"}],"replies":[{"embeddable":true,"href":"https:\/\/www.math-datascience.nat.fau.de\/wp-json\/wp\/v2\/comments?post=4467"}],"version-history":[{"count":1,"href":"https:\/\/www.math-datascience.nat.fau.de\/wp-json\/wp\/v2\/pages\/4467\/revisions"}],"predecessor-version":[{"id":4468,"href":"https:\/\/www.math-datascience.nat.fau.de\/wp-json\/wp\/v2\/pages\/4467\/revisions\/4468"}],"up":[{"embeddable":true,"href":"https:\/\/www.math-datascience.nat.fau.de\/wp-json\/wp\/v2\/pages\/3555"}],"wp:attachment":[{"href":"https:\/\/www.math-datascience.nat.fau.de\/wp-json\/wp\/v2\/media?parent=4467"}],"wp:term":[{"taxonomy":"page_category","embeddable":true,"href":"https:\/\/www.math-datascience.nat.fau.de\/wp-json\/wp\/v2\/page_category?post=4467"},{"taxonomy":"page_tag","embeddable":true,"href":"https:\/\/www.math-datascience.nat.fau.de\/wp-json\/wp\/v2\/page_tag?post=4467"}],"curies":[{"name":"wp","href":"https:\/\/api.w.org\/{rel}","templated":true}]}}