{"id":4469,"date":"2026-05-04T15:04:58","date_gmt":"2026-05-04T13:04:58","guid":{"rendered":"https:\/\/www.math-datascience.nat.fau.de\/?page_id=4469"},"modified":"2026-05-04T15:04:58","modified_gmt":"2026-05-04T13:04:58","slug":"pruefungen","status":"publish","type":"page","link":"https:\/\/www.math-datascience.nat.fau.de\/en\/im-studium\/infocenter\/pruefungen\/","title":{"rendered":"Pr\u00fcfungen"},"content":{"rendered":"\n<h2 class=\"wp-block-heading\">Informationen rund um die Pr\u00fcfungen<\/h2>\n\n\n\n<p>Auf den folgenden Unterseiten finden Sie Informationen zu den Pr\u00fcfungen in den Mathematikstudieng\u00e4ngen.<\/p>\n\n\n\n<h3 class=\"wp-block-heading\">Zust\u00e4ndigkeiten<\/h3>\n\n\n\n<ul class=\"wp-block-list\">\n<li>Zust\u00e4ndig f\u00fcr Studierende der Bachelor- und Masterstudieng\u00e4nge Mathematik, Technomathematik und Wirtschaftsmathematik sowie CAM ist das&nbsp;<a href=\"https:\/\/www.fau.de\/studium\/im-studium\/pruefungen-studienordnungen\/pruefungsamt-naturwissenschaftliche-fakultaet\/\">Pr\u00fcfungsamt der Naturwissenschaftlichen Fakult\u00e4t.<\/a><\/li>\n\n\n\n<li>Zust\u00e4ndig f\u00fcr Studierende der Lehramtsstudieng\u00e4nge Mathematik ist das <a href=\"https:\/\/www.fau.de\/education\/beratungs-und-servicestellen\/pruefungsaemter\/pruefungsamt-lehramt-rs-gy-bs-und-zusatzstudien-fuer-lehramt-rs-gy-bs-master-of-education-lehramt-gy\/\">&nbsp;Pr\u00fcfungsamt Lehramt LPO I \/ Master of Education (LA G).<\/a><\/li>\n\n\n\n<li>Studierende anderer Studieng\u00e4nge m\u00fcssen sich in Pr\u00fcfungsangelegenheiten&nbsp; an die f\u00fcr sie <a href=\"https:\/\/www.fau.de\/studium\/im-studium\/pruefungen-studienordnungen\/\">zust\u00e4ndige Stelle im Pr\u00fcfungsamt<\/a>&nbsp;wenden.<\/li>\n<\/ul>\n\n\n\n<h3 class=\"wp-block-heading\">Hinweise zur<\/h3>\n\n\n\n<ul class=\"wp-block-list\">\n<li><a href=\"https:\/\/www.math-datascience.nat.fau.de\/im-studium\/infocenter\/pruefungen\/bachelor-und-masterstudiengaenge\/wichtig-zu-wissen\/\">Pr\u00fcfungsanmeldung unter Campo<\/a><\/li>\n<\/ul>\n\n\n    <div class=\"fau-big-button-teaser-group fau-big-button-teaser-group--large fau-big-button-teaser-group--outline fau-big-button-teaser-group--light fau-big-button-teaser-group--faculty-showcase wp-block-fau-elemental-fau-big-button\">\n        <div class=\"fau-big-button-teaser-group__buttons\">\n                            <a href=\"https:\/\/www.math-datascience.nat.fau.de\/im-studium\/infocenter\/pruefungen\/bachelor-und-masterstudiengaenge\/\" class=\"fau-big-button-teaser-group__button fau-big-button-teaser-group__button--nat\" role=\"button\">\n                    <p class=\"big-button-title\">\n                        Formulare Bachelor-\/Masterstudieng\u00e4nge                    <\/p>\n                                        <span class=\"arrow-link\" aria-hidden=\"true\"><\/span>\n                <\/a>\n                            <a href=\"https:\/\/www.math-datascience.nat.fau.de\/im-studium\/infocenter\/pruefungen\/bachelor-und-masterstudiengaenge\/pruefungsausschuesse\/\" class=\"fau-big-button-teaser-group__button fau-big-button-teaser-group__button--nat\" role=\"button\">\n                    <p class=\"big-button-title\">\n                        Pr\u00fcfungsaussch\u00fcsse                    <\/p>\n                                        <span class=\"arrow-link\" aria-hidden=\"true\"><\/span>\n                <\/a>\n                    <\/div>\n    <\/div>\n    ","protected":false},"excerpt":{"rendered":"<p>Informationen rund um die Pr\u00fcfungen Auf den folgenden Unterseiten finden Sie Informationen zu den Pr\u00fcfungen in den Mathematikstudieng\u00e4ngen. Zust\u00e4ndigkeiten Hinweise zur<\/p>\n","protected":false},"author":3793,"featured_media":0,"parent":3555,"menu_order":30,"comment_status":"closed","ping_status":"closed","template":"","meta":{"_rrze_cache":"enabled","_access_permission":"","_rrze_multilang_single_locale":"en_US","_rrze_multilang_single_source":"https:\/\/www.math-datascience.nat.fau.de\/?page_id=218","footnotes":""},"page_category":[13],"page_tag":[],"class_list":["post-4469","page","type-page","status-publish","hentry","page_category-general","en-US"],"_links":{"self":[{"href":"https:\/\/www.math-datascience.nat.fau.de\/wp-json\/wp\/v2\/pages\/4469","targetHints":{"allow":["GET"]}}],"collection":[{"href":"https:\/\/www.math-datascience.nat.fau.de\/wp-json\/wp\/v2\/pages"}],"about":[{"href":"https:\/\/www.math-datascience.nat.fau.de\/wp-json\/wp\/v2\/types\/page"}],"author":[{"embeddable":true,"href":"https:\/\/www.math-datascience.nat.fau.de\/wp-json\/wp\/v2\/users\/3793"}],"replies":[{"embeddable":true,"href":"https:\/\/www.math-datascience.nat.fau.de\/wp-json\/wp\/v2\/comments?post=4469"}],"version-history":[{"count":1,"href":"https:\/\/www.math-datascience.nat.fau.de\/wp-json\/wp\/v2\/pages\/4469\/revisions"}],"predecessor-version":[{"id":4470,"href":"https:\/\/www.math-datascience.nat.fau.de\/wp-json\/wp\/v2\/pages\/4469\/revisions\/4470"}],"up":[{"embeddable":true,"href":"https:\/\/www.math-datascience.nat.fau.de\/wp-json\/wp\/v2\/pages\/3555"}],"wp:attachment":[{"href":"https:\/\/www.math-datascience.nat.fau.de\/wp-json\/wp\/v2\/media?parent=4469"}],"wp:term":[{"taxonomy":"page_category","embeddable":true,"href":"https:\/\/www.math-datascience.nat.fau.de\/wp-json\/wp\/v2\/page_category?post=4469"},{"taxonomy":"page_tag","embeddable":true,"href":"https:\/\/www.math-datascience.nat.fau.de\/wp-json\/wp\/v2\/page_tag?post=4469"}],"curies":[{"name":"wp","href":"https:\/\/api.w.org\/{rel}","templated":true}]}}